{"id":14,"date":"2025-04-21T02:55:02","date_gmt":"2025-04-21T02:55:02","guid":{"rendered":"http:\/\/hlv-2025.vn.test\/?page_id=14"},"modified":"2025-04-21T07:03:16","modified_gmt":"2025-04-21T07:03:16","slug":"gioi-thieu","status":"publish","type":"page","link":"https:\/\/hlv.vn\/index.php\/gioi-thieu\/","title":{"rendered":"Gi\u1edbi Thi\u1ec7u"},"content":{"rendered":"\t\t<div data-elementor-type=\"wp-page\" data-elementor-id=\"14\" class=\"elementor elementor-14\" data-elementor-settings=\"{&quot;ha_cmc_init_switcher&quot;:&quot;no&quot;}\" data-elementor-post-type=\"page\">\n\t\t\t\t\t\t<section class=\"elementor-section elementor-top-section elementor-element elementor-element-536fb414 elementor-section-boxed elementor-section-height-default elementor-section-height-default\" data-id=\"536fb414\" data-element_type=\"section\" data-settings=\"{&quot;_ha_eqh_enable&quot;:false}\">\n\t\t\t\t\t\t<div class=\"elementor-container elementor-column-gap-no\">\n\t\t\t\t\t<div class=\"elementor-column elementor-col-100 elementor-top-column elementor-element elementor-element-5b3e5095\" data-id=\"5b3e5095\" data-element_type=\"column\" data-settings=\"{&quot;background_background&quot;:&quot;classic&quot;}\">\n\t\t\t<div class=\"elementor-widget-wrap elementor-element-populated\">\n\t\t\t\t\t\t<div class=\"elementor-element elementor-element-14b0db78 ha-has-bg-overlay elementor-widget elementor-widget-spacer\" data-id=\"14b0db78\" data-element_type=\"widget\" data-widget_type=\"spacer.default\">\n\t\t\t\t<div class=\"elementor-widget-container\">\n\t\t\t\t\t\t\t<div class=\"elementor-spacer\">\n\t\t\t<div class=\"elementor-spacer-inner\"><\/div>\n\t\t<\/div>\n\t\t\t\t\t\t<\/div>\n\t\t\t\t<\/div>\n\t\t\t\t<section class=\"elementor-section elementor-inner-section elementor-element elementor-element-5454fec8 elementor-section-boxed elementor-section-height-default elementor-section-height-default\" data-id=\"5454fec8\" data-element_type=\"section\" data-settings=\"{&quot;_ha_eqh_enable&quot;:false}\">\n\t\t\t\t\t\t<div class=\"elementor-container elementor-column-gap-default\">\n\t\t\t\t\t<div class=\"elementor-column elementor-col-50 elementor-inner-column elementor-element elementor-element-1777dacd\" data-id=\"1777dacd\" data-element_type=\"column\">\n\t\t\t<div class=\"elementor-widget-wrap elementor-element-populated\">\n\t\t\t\t\t\t<div class=\"elementor-element elementor-element-606f4d1f elementor-widget elementor-widget-theme-site-logo elementor-widget-image\" data-id=\"606f4d1f\" data-element_type=\"widget\" data-widget_type=\"theme-site-logo.default\">\n\t\t\t\t<div class=\"elementor-widget-container\">\n\t\t\t\t\t\t\t\t\t\t\t<a href=\"https:\/\/hlv.vn\">\n\t\t\t<img decoding=\"async\" width=\"100\" height=\"68\" src=\"https:\/\/hlv.vn\/wp-content\/uploads\/2025\/04\/logo-HLV-100.png\" class=\"attachment-full size-full wp-image-25\" alt=\"\" \/>\t\t\t\t<\/a>\n\t\t\t\t\t\t\t\t\t\t\t<\/div>\n\t\t\t\t<\/div>\n\t\t\t\t\t<\/div>\n\t\t<\/div>\n\t\t\t\t<div class=\"elementor-column elementor-col-50 elementor-inner-column elementor-element elementor-element-3452af7e\" data-id=\"3452af7e\" data-element_type=\"column\">\n\t\t\t<div class=\"elementor-widget-wrap\">\n\t\t\t\t\t\t\t<\/div>\n\t\t<\/div>\n\t\t\t\t\t<\/div>\n\t\t<\/section>\n\t\t\t\t<section class=\"elementor-section elementor-inner-section elementor-element elementor-element-03a2c42 elementor-section-boxed elementor-section-height-default elementor-section-height-default\" data-id=\"03a2c42\" data-element_type=\"section\" data-settings=\"{&quot;_ha_eqh_enable&quot;:false}\">\n\t\t\t\t\t\t<div class=\"elementor-container elementor-column-gap-default\">\n\t\t\t\t\t<div class=\"elementor-column elementor-col-50 elementor-inner-column elementor-element elementor-element-9ffd7b1\" data-id=\"9ffd7b1\" data-element_type=\"column\">\n\t\t\t<div class=\"elementor-widget-wrap elementor-element-populated\">\n\t\t\t\t\t\t<div class=\"elementor-element elementor-element-db0809b elementor-nav-menu__align-start Menu-slider elementor-nav-menu--dropdown-tablet elementor-nav-menu__text-align-aside elementor-nav-menu--toggle elementor-nav-menu--burger ha-has-bg-overlay elementor-widget elementor-widget-nav-menu\" data-id=\"db0809b\" data-element_type=\"widget\" data-settings=\"{&quot;layout&quot;:&quot;vertical&quot;,&quot;submenu_icon&quot;:{&quot;value&quot;:&quot;&lt;i class=\\&quot;\\&quot;&gt;&lt;\\\/i&gt;&quot;,&quot;library&quot;:&quot;&quot;},&quot;toggle&quot;:&quot;burger&quot;}\" data-widget_type=\"nav-menu.default\">\n\t\t\t\t<div class=\"elementor-widget-container\">\n\t\t\t\t\t\t\t\t<nav aria-label=\"Menu\" class=\"elementor-nav-menu--main elementor-nav-menu__container elementor-nav-menu--layout-vertical e--pointer-underline e--animation-slide\">\n\t\t\t\t<ul id=\"menu-1-db0809b\" class=\"elementor-nav-menu sm-vertical\"><li class=\"menu-item menu-item-type-post_type menu-item-object-page menu-item-home menu-item-84\"><a href=\"https:\/\/hlv.vn\/\" class=\"elementor-item menu-link\">Trang Ch\u1ee7<\/a><\/li>\n<li class=\"menu-item menu-item-type-post_type menu-item-object-page menu-item-83\"><a href=\"https:\/\/hlv.vn\/index.php\/gioi-thieu\/\" class=\"elementor-item menu-link\">Gi\u1edbi Thi\u1ec7u<\/a><\/li>\n<li class=\"menu-item menu-item-type-post_type menu-item-object-page menu-item-82\"><a href=\"https:\/\/hlv.vn\/index.php\/phuong-cham-gia-tri-cot-loi\/\" class=\"elementor-item menu-link\">Ph\u01b0\u01a1ng Ch\u00e2m \u2013 Gi\u00e1 Tr\u1ecb C\u1ed1t L\u00f5i<\/a><\/li>\n<li class=\"menu-item menu-item-type-post_type menu-item-object-page menu-item-81\"><a href=\"https:\/\/hlv.vn\/index.php\/tuyen-dung\/\" class=\"elementor-item menu-link\">Tuy\u1ec3n D\u1ee5ng<\/a><\/li>\n<li class=\"menu-item menu-item-type-post_type menu-item-object-page menu-item-80\"><a href=\"https:\/\/hlv.vn\/index.php\/lien-he\/\" class=\"elementor-item menu-link\">Li\u00ean H\u1ec7<\/a><\/li>\n<\/ul>\t\t\t<\/nav>\n\t\t\t\t\t<div class=\"elementor-menu-toggle\" role=\"button\" tabindex=\"0\" aria-label=\"Menu Toggle\" aria-expanded=\"false\">\n\t\t\t<svg aria-hidden=\"true\" role=\"presentation\" class=\"elementor-menu-toggle__icon--open e-font-icon-svg e-eicon-menu-bar\" viewBox=\"0 0 1000 1000\" xmlns=\"http:\/\/www.w3.org\/2000\/svg\"><path d=\"M104 333H896C929 333 958 304 958 271S929 208 896 208H104C71 208 42 237 42 271S71 333 104 333ZM104 583H896C929 583 958 554 958 521S929 458 896 458H104C71 458 42 487 42 521S71 583 104 583ZM104 833H896C929 833 958 804 958 771S929 708 896 708H104C71 708 42 737 42 771S71 833 104 833Z\"><\/path><\/svg><svg aria-hidden=\"true\" role=\"presentation\" class=\"elementor-menu-toggle__icon--close e-font-icon-svg e-eicon-close\" viewBox=\"0 0 1000 1000\" xmlns=\"http:\/\/www.w3.org\/2000\/svg\"><path d=\"M742 167L500 408 258 167C246 154 233 150 217 150 196 150 179 158 167 167 154 179 150 196 150 212 150 229 154 242 171 254L408 500 167 742C138 771 138 800 167 829 196 858 225 858 254 829L496 587 738 829C750 842 767 846 783 846 800 846 817 842 829 829 842 817 846 804 846 783 846 767 842 750 829 737L588 500 833 258C863 229 863 200 833 171 804 137 775 137 742 167Z\"><\/path><\/svg>\t\t<\/div>\n\t\t\t\t\t<nav class=\"elementor-nav-menu--dropdown elementor-nav-menu__container\" aria-hidden=\"true\">\n\t\t\t\t<ul id=\"menu-2-db0809b\" class=\"elementor-nav-menu sm-vertical\"><li class=\"menu-item menu-item-type-post_type menu-item-object-page menu-item-home menu-item-84\"><a href=\"https:\/\/hlv.vn\/\" class=\"elementor-item menu-link\" tabindex=\"-1\">Trang Ch\u1ee7<\/a><\/li>\n<li class=\"menu-item menu-item-type-post_type menu-item-object-page menu-item-83\"><a href=\"https:\/\/hlv.vn\/index.php\/gioi-thieu\/\" class=\"elementor-item menu-link\" tabindex=\"-1\">Gi\u1edbi Thi\u1ec7u<\/a><\/li>\n<li class=\"menu-item menu-item-type-post_type menu-item-object-page menu-item-82\"><a href=\"https:\/\/hlv.vn\/index.php\/phuong-cham-gia-tri-cot-loi\/\" class=\"elementor-item menu-link\" tabindex=\"-1\">Ph\u01b0\u01a1ng Ch\u00e2m \u2013 Gi\u00e1 Tr\u1ecb C\u1ed1t L\u00f5i<\/a><\/li>\n<li class=\"menu-item menu-item-type-post_type menu-item-object-page menu-item-81\"><a href=\"https:\/\/hlv.vn\/index.php\/tuyen-dung\/\" class=\"elementor-item menu-link\" tabindex=\"-1\">Tuy\u1ec3n D\u1ee5ng<\/a><\/li>\n<li class=\"menu-item menu-item-type-post_type menu-item-object-page menu-item-80\"><a href=\"https:\/\/hlv.vn\/index.php\/lien-he\/\" class=\"elementor-item menu-link\" tabindex=\"-1\">Li\u00ean H\u1ec7<\/a><\/li>\n<\/ul>\t\t\t<\/nav>\n\t\t\t\t\t\t<\/div>\n\t\t\t\t<\/div>\n\t\t\t\t\t<\/div>\n\t\t<\/div>\n\t\t\t\t<div class=\"elementor-column elementor-col-50 elementor-inner-column elementor-element elementor-element-01b7a1d\" data-id=\"01b7a1d\" data-element_type=\"column\">\n\t\t\t<div class=\"elementor-widget-wrap elementor-element-populated\">\n\t\t\t\t\t\t<div class=\"elementor-element elementor-element-c57a26b elementor-widget elementor-widget-ha-page-title happy-addon ha-page-title\" data-id=\"c57a26b\" data-element_type=\"widget\" data-widget_type=\"ha-page-title.default\">\n\t\t\t\t<div class=\"elementor-widget-container\">\n\t\t\t\t\t<h2 class=\"ha-page-title elementor-size-default\">Gi\u1edbi Thi\u1ec7u<\/h2>\t\t\t\t<\/div>\n\t\t\t\t<\/div>\n\t\t\t\t<div class=\"elementor-element elementor-element-bca9c4a elementor-widget elementor-widget-text-editor\" data-id=\"bca9c4a\" data-element_type=\"widget\" data-widget_type=\"text-editor.default\">\n\t\t\t\t<div class=\"elementor-widget-container\">\n\t\t\t\t\t\t\t\t\t<p>Th\u00e0nh l\u1eadp t\u1eeb n\u0103m 2007, C\u00f4ng ty C\u1ed5 ph\u1ea7n Ho\u00e0n L\u1ed9c Vi\u1ec7t ho\u1ea1t \u0111\u1ed9ng theo h\u00ecnh th\u1ee9c c\u00f4ng ty \u0111\u1ea7u t\u01b0 c\u00f9ng s\u1ef1 h\u1ed7 tr\u1ee3 hi\u1ec7u qu\u1ea3 c\u1ee7a c\u00e1c c\u00f4ng ty con thu\u1ed9c l\u0129nh v\u1ef1c d\u1ecbch v\u1ee5 t\u00e0i ch\u00ednh.<\/p><p>L\u1edbn m\u1ea1nh c\u00f9ng n\u1ec1n kinh t\u1ebf n\u0103ng \u0111\u1ed9ng c\u1ee7a Vi\u1ec7t Nam, ch\u00fang t\u00f4i \u0111\u00e3 gia t\u0103ng gi\u00e1 tr\u1ecb danh m\u1ee5c \u0111\u1ea7u t\u01b0 b\u1eb1ng nh\u1eefng h\u1ed7 tr\u1ee3 t\u01b0 v\u1ea5n c\u1ee5 th\u1ec3 trong qu\u1ea3n l\u00fd \u0111i\u1ec1u h\u00e0nh, t\u00e1i c\u1ea5u tr\u00fac t\u00e0i ch\u00ednh, chi\u1ebfn l\u01b0\u1ee3c ph\u00e1t tri\u1ec3n t\u1ed5 ch\u1ee9c, c\u0169ng nh\u01b0 \u0111\u00e3 k\u1ebft n\u1ed1i th\u00e0nh c\u00f4ng nh\u1eefng nh\u00e0 \u0111\u1ea7u t\u01b0 v\u00e0 c\u00e1c \u0111\u1ed1i t\u00e1c qu\u1ed1c t\u1ebf v\u1edbi c\u00e1c c\u00f4ng ty m\u1ee5c ti\u00eau s\u1edf t\u1ea1i.<\/p><p>M\u1edf r\u1ed9ng \u0111\u1ecbnh h\u01b0\u1edbng t\u1eeb n\u0103m 2016, C\u00f4ng ty C\u1ed5 ph\u1ea7n Ho\u00e0n L\u1ed9c Vi\u1ec7t nh\u1eafm t\u1edbi m\u1ee5c ti\u00eau g\u00f3p ph\u1ea7n l\u00e0m gia t\u0103ng h\u01a1n n\u1eefa gi\u00e1 tr\u1ecb chung cho c\u1ed9ng \u0111\u1ed3ng v\u00e0 mang \u0111\u1ebfn l\u1ee3i \u00edch ng\u00e0y c\u00e0ng l\u1edbn cho c\u00e1c th\u00e0nh vi\u00ean, th\u00f4ng qua \u0111\u1ea7u t\u01b0 ph\u00e1t tri\u1ec3n, \u0111\u1eb7t tr\u1ecdng t\u00e2m hi\u1ec7n nay v\u00e0o c\u00e1c l\u0129nh v\u1ef1c n\u0103ng l\u01b0\u1ee3ng t\u00e1i sinh v\u00e0 gi\u00e1o d\u1ee5c \u0111\u00e0o t\u1ea1o.<\/p><p>K\u1ebf ho\u1ea1ch c\u1ee7a ch\u00fang t\u00f4i l\u00e0 s\u1ebd ph\u00e1t tri\u1ec3n nh\u00f3m c\u00f4ng ty th\u00e0nh vi\u00ean c\u01a1 h\u1eefu v\u00e0 c\u00e2n \u0111\u1ed1i gi\u1eefa c\u00e1c l\u0129nh v\u1ef1c n\u1ec1n t\u1ea3ng c\u1ee7a vi\u1ec7c ph\u00e1t tri\u1ec3n l\u00e2u b\u1ec1n v\u00e0 v\u1eefng ch\u00e3i nh\u01b0 d\u1ecbch v\u1ee5 t\u00e0i ch\u00ednh, d\u1ecbch v\u1ee5 c\u00f4ng ch\u1ee9ng v\u00e0 t\u01b0 v\u1ea5n ph\u00e1p lu\u1eadt, gi\u00e1o d\u1ee5c \u0111\u00e0o t\u1ea1o, hu\u1ea5n luy\u1ec7n v\u00e0 chuy\u1ec3n giao ngu\u1ed3n nh\u00e2n l\u1ef1c, n\u0103ng l\u01b0\u1ee3ng t\u00e1i t\u1ea1o, m\u00f4i tr\u01b0\u1eddng, n\u00f4ng nghi\u1ec7p h\u1eefu c\u01a1 c\u00f9ng c\u00f4ng ngh\u1ec7 canh t\u00e1c s\u1ea1ch, \u0111\u1ec3 mang l\u1ea1i nh\u1eefng \u0111i\u1ec1u t\u1ed1t \u0111\u1eb9p nh\u1ea5t cho c\u1ed9ng \u0111\u1ed3ng, t\u1eadp th\u1ec3 v\u00e0 c\u00e1 nh\u00e2n nh\u1eefng con ng\u01b0\u1eddi tham gia.<\/p><p>Ch\u00fang t\u00f4i quy\u1ebft t\u00e2m c\u00f9ng t\u1ea1o d\u1ef1ng gi\u00e1 tr\u1ecb b\u1ec1n v\u1eefng v\u1edbi c\u00e1c \u0111\u1ed1i t\u00e1c trong n\u01b0\u1edbc v\u00e0 qu\u1ed1c t\u1ebf c\u00f3 c\u00f9ng t\u1ea7m nh\u00ecn tr\u00ean c\u01a1 s\u1edf chia s\u1ebb c\u00e1c hi\u1ec3u bi\u1ebft th\u1ef1c ti\u1ec5n v\u00e0 kinh nghi\u1ec7m \u0111\u1eafc d\u1ee5ng v\u1ec1 m\u00f4i tr\u01b0\u1eddng v\u00e0 c\u01a1 h\u1ed9i kinh doanh \u2013 ph\u00e1t tri\u1ec3n d\u1ef1 \u00e1n t\u1ea1i Vi\u1ec7t Nam.<\/p>\t\t\t\t\t\t\t\t<\/div>\n\t\t\t\t<\/div>\n\t\t\t\t<div class=\"elementor-element elementor-element-6c63db6 elementor-widget elementor-widget-image\" data-id=\"6c63db6\" data-element_type=\"widget\" data-widget_type=\"image.default\">\n\t\t\t\t<div class=\"elementor-widget-container\">\n\t\t\t\t\t\t\t\t\t\t\t\t\t\t\t<img fetchpriority=\"high\" decoding=\"async\" width=\"600\" height=\"116\" src=\"https:\/\/hlv.vn\/wp-content\/uploads\/2025\/04\/cuong-linh.png\" class=\"attachment-large size-large wp-image-160\" alt=\"\" srcset=\"https:\/\/hlv.vn\/wp-content\/uploads\/2025\/04\/cuong-linh.png 600w, https:\/\/hlv.vn\/wp-content\/uploads\/2025\/04\/cuong-linh-300x58.png 300w\" sizes=\"(max-width: 600px) 100vw, 600px\" \/>\t\t\t\t\t\t\t\t\t\t\t\t\t\t\t<\/div>\n\t\t\t\t<\/div>\n\t\t\t\t\t<\/div>\n\t\t<\/div>\n\t\t\t\t\t<\/div>\n\t\t<\/section>\n\t\t\t\t<section class=\"elementor-section elementor-inner-section elementor-element elementor-element-103e78ea elementor-section-boxed elementor-section-height-default elementor-section-height-default\" data-id=\"103e78ea\" data-element_type=\"section\" data-settings=\"{&quot;background_background&quot;:&quot;classic&quot;,&quot;_ha_eqh_enable&quot;:false}\">\n\t\t\t\t\t\t<div class=\"elementor-container elementor-column-gap-no\">\n\t\t\t\t\t<div class=\"elementor-column elementor-col-100 elementor-inner-column elementor-element elementor-element-764c1380\" data-id=\"764c1380\" data-element_type=\"column\">\n\t\t\t<div class=\"elementor-widget-wrap elementor-element-populated\">\n\t\t\t\t\t\t<div class=\"elementor-element elementor-element-6d1ba23c elementor-widget elementor-widget-heading\" data-id=\"6d1ba23c\" data-element_type=\"widget\" data-widget_type=\"heading.default\">\n\t\t\t\t<div class=\"elementor-widget-container\">\n\t\t\t\t\t<h2 class=\"elementor-heading-title elementor-size-default\">\u00a9 Copyright 2016. All Rights Reserved.<\/h2>\t\t\t\t<\/div>\n\t\t\t\t<\/div>\n\t\t\t\t\t<\/div>\n\t\t<\/div>\n\t\t\t\t\t<\/div>\n\t\t<\/section>\n\t\t\t\t\t<\/div>\n\t\t<\/div>\n\t\t\t\t\t<\/div>\n\t\t<\/section>\n\t\t\t\t<\/div>\n\t\t","protected":false},"excerpt":{"rendered":"<p>Gi\u1edbi Thi\u1ec7u Th\u00e0nh l\u1eadp t\u1eeb n\u0103m 2007, C\u00f4ng ty C\u1ed5 ph\u1ea7n Ho\u00e0n L\u1ed9c Vi\u1ec7t ho\u1ea1t \u0111\u1ed9ng theo h\u00ecnh th\u1ee9c c\u00f4ng [&hellip;]<\/p>\n","protected":false},"author":1,"featured_media":0,"parent":0,"menu_order":0,"comment_status":"closed","ping_status":"closed","template":"elementor_canvas","meta":{"site-sidebar-layout":"no-sidebar","site-content-layout":"","ast-site-content-layout":"full-width-container","site-content-style":"default","site-sidebar-style":"default","ast-global-header-display":"","ast-banner-title-visibility":"","ast-main-header-display":"","ast-hfb-above-header-display":"","ast-hfb-below-header-display":"","ast-hfb-mobile-header-display":"","site-post-title":"disabled","ast-breadcrumbs-content":"","ast-featured-img":"disabled","footer-sml-layout":"","theme-transparent-header-meta":"","adv-header-id-meta":"","stick-header-meta":"","header-above-stick-meta":"","header-main-stick-meta":"","header-below-stick-meta":"","astra-migrate-meta-layouts":"default","ast-page-background-enabled":"default","ast-page-background-meta":{"desktop":{"background-color":"var(--ast-global-color-5)","background-image":"","background-repeat":"repeat","background-position":"center center","background-size":"auto","background-attachment":"scroll","background-type":"","background-media":"","overlay-type":"","overlay-color":"","overlay-opacity":"","overlay-gradient":""},"tablet":{"background-color":"","background-image":"","background-repeat":"repeat","background-position":"center center","background-size":"auto","background-attachment":"scroll","background-type":"","background-media":"","overlay-type":"","overlay-color":"","overlay-opacity":"","overlay-gradient":""},"mobile":{"background-color":"","background-image":"","background-repeat":"repeat","background-position":"center center","background-size":"auto","background-attachment":"scroll","background-type":"","background-media":"","overlay-type":"","overlay-color":"","overlay-opacity":"","overlay-gradient":""}},"ast-content-background-meta":{"desktop":{"background-color":"var(--ast-global-color-4)","background-image":"","background-repeat":"repeat","background-position":"center center","background-size":"auto","background-attachment":"scroll","background-type":"","background-media":"","overlay-type":"","overlay-color":"","overlay-opacity":"","overlay-gradient":""},"tablet":{"background-color":"var(--ast-global-color-4)","background-image":"","background-repeat":"repeat","background-position":"center center","background-size":"auto","background-attachment":"scroll","background-type":"","background-media":"","overlay-type":"","overlay-color":"","overlay-opacity":"","overlay-gradient":""},"mobile":{"background-color":"var(--ast-global-color-4)","background-image":"","background-repeat":"repeat","background-position":"center center","background-size":"auto","background-attachment":"scroll","background-type":"","background-media":"","overlay-type":"","overlay-color":"","overlay-opacity":"","overlay-gradient":""}},"footnotes":""},"class_list":["post-14","page","type-page","status-publish","hentry"],"_links":{"self":[{"href":"https:\/\/hlv.vn\/index.php\/wp-json\/wp\/v2\/pages\/14","targetHints":{"allow":["GET"]}}],"collection":[{"href":"https:\/\/hlv.vn\/index.php\/wp-json\/wp\/v2\/pages"}],"about":[{"href":"https:\/\/hlv.vn\/index.php\/wp-json\/wp\/v2\/types\/page"}],"author":[{"embeddable":true,"href":"https:\/\/hlv.vn\/index.php\/wp-json\/wp\/v2\/users\/1"}],"replies":[{"embeddable":true,"href":"https:\/\/hlv.vn\/index.php\/wp-json\/wp\/v2\/comments?post=14"}],"version-history":[{"count":49,"href":"https:\/\/hlv.vn\/index.php\/wp-json\/wp\/v2\/pages\/14\/revisions"}],"predecessor-version":[{"id":181,"href":"https:\/\/hlv.vn\/index.php\/wp-json\/wp\/v2\/pages\/14\/revisions\/181"}],"wp:attachment":[{"href":"https:\/\/hlv.vn\/index.php\/wp-json\/wp\/v2\/media?parent=14"}],"curies":[{"name":"wp","href":"https:\/\/api.w.org\/{rel}","templated":true}]}}